{"id":729,"date":"2021-08-17T09:03:51","date_gmt":"2021-08-17T13:03:51","guid":{"rendered":"https:\/\/ee.cegepgarneau.ca\/?page_id=729"},"modified":"2023-07-18T08:42:04","modified_gmt":"2023-07-18T12:42:04","slug":"module-etudiants","status":"publish","type":"page","link":"https:\/\/ee.cegepgarneau.ca\/?page_id=729","title":{"rendered":"Module \u00c9tudiants"},"content":{"rendered":"","protected":true},"excerpt":{"rendered":"","protected":true},"author":1,"featured_media":0,"parent":0,"menu_order":0,"comment_status":"closed","ping_status":"closed","template":"","meta":{"_monsterinsights_skip_tracking":false,"_monsterinsights_sitenote_active":false,"_monsterinsights_sitenote_note":"","_monsterinsights_sitenote_category":0,"_kad_post_transparent":"","_kad_post_title":"","_kad_post_layout":"","_kad_post_sidebar_id":"","_kad_post_content_style":"","_kad_post_vertical_padding":"","_kad_post_feature":"","_kad_post_feature_position":"","_kad_post_header":false,"_kad_post_footer":false,"_kad_post_classname":"","footnotes":""},"class_list":["post-729","page","type-page","status-publish","post-password-required","hentry"],"yoast_head":"<!-- This site is optimized with the Yoast SEO plugin v26.9 - https:\/\/yoast.com\/product\/yoast-seo-wordpress\/ -->\n<title>Module \u00c9tudiants - Entreprises-\u00e9coles du C\u00e9gep Garneau<\/title>\n<meta name=\"robots\" content=\"index, follow, max-snippet:-1, max-image-preview:large, max-video-preview:-1\" \/>\n<link rel=\"canonical\" href=\"https:\/\/ee.cegepgarneau.ca\/?page_id=729\" \/>\n<meta property=\"og:locale\" content=\"fr_FR\" \/>\n<meta property=\"og:type\" content=\"article\" \/>\n<meta property=\"og:title\" content=\"Module \u00c9tudiants - Entreprises-\u00e9coles du C\u00e9gep Garneau\" \/>\n<meta property=\"og:description\" content=\"Il n\u2019y a pas d\u2019extrait, car cette publication est prot\u00e9g\u00e9e.\" \/>\n<meta property=\"og:url\" content=\"https:\/\/ee.cegepgarneau.ca\/?page_id=729\" \/>\n<meta property=\"og:site_name\" content=\"Entreprises-\u00e9coles du C\u00e9gep Garneau\" \/>\n<meta property=\"article:modified_time\" content=\"2023-07-18T12:42:04+00:00\" \/>\n<meta name=\"twitter:card\" content=\"summary_large_image\" \/>\n<meta name=\"twitter:label1\" content=\"Dur\u00e9e de lecture estim\u00e9e\" \/>\n\t<meta name=\"twitter:data1\" content=\"1 minute\" \/>\n<script type=\"application\/ld+json\" class=\"yoast-schema-graph\">{\"@context\":\"https:\/\/schema.org\",\"@graph\":[{\"@type\":\"WebPage\",\"@id\":\"https:\/\/ee.cegepgarneau.ca\/?page_id=729\",\"url\":\"https:\/\/ee.cegepgarneau.ca\/?page_id=729\",\"name\":\"Module \u00c9tudiants - Entreprises-\u00e9coles du C\u00e9gep Garneau\",\"isPartOf\":{\"@id\":\"https:\/\/ee.cegepgarneau.ca\/#website\"},\"datePublished\":\"2021-08-17T13:03:51+00:00\",\"dateModified\":\"2023-07-18T12:42:04+00:00\",\"breadcrumb\":{\"@id\":\"https:\/\/ee.cegepgarneau.ca\/?page_id=729#breadcrumb\"},\"inLanguage\":\"fr-FR\"},{\"@type\":\"WebSite\",\"@id\":\"https:\/\/ee.cegepgarneau.ca\/#website\",\"url\":\"https:\/\/ee.cegepgarneau.ca\/\",\"name\":\"Entreprises-\u00e9coles du C\u00e9gep Garneau\",\"description\":\"Plateforme web des entreprises-\u00e9coles du C\u00e9gep Garneau\",\"publisher\":{\"@id\":\"https:\/\/ee.cegepgarneau.ca\/#organization\"},\"potentialAction\":[{\"@type\":\"SearchAction\",\"target\":{\"@type\":\"EntryPoint\",\"urlTemplate\":\"https:\/\/ee.cegepgarneau.ca\/?s={search_term_string}\"},\"query-input\":{\"@type\":\"PropertyValueSpecification\",\"valueRequired\":true,\"valueName\":\"search_term_string\"}}],\"inLanguage\":\"fr-FR\"},{\"@type\":\"Organization\",\"@id\":\"https:\/\/ee.cegepgarneau.ca\/#organization\",\"name\":\"Entreprises-\u00e9coles du C\u00e9gep Garneau\",\"url\":\"https:\/\/ee.cegepgarneau.ca\/\",\"logo\":{\"@type\":\"ImageObject\",\"inLanguage\":\"fr-FR\",\"@id\":\"https:\/\/ee.cegepgarneau.ca\/#\/schema\/logo\/image\/\",\"url\":\"https:\/\/ee.cegepgarneau.ca\/wp-content\/uploads\/2021\/04\/entreprises_ecoles.png\",\"contentUrl\":\"https:\/\/ee.cegepgarneau.ca\/wp-content\/uploads\/2021\/04\/entreprises_ecoles.png\",\"width\":2464,\"height\":714,\"caption\":\"Entreprises-\u00e9coles du C\u00e9gep Garneau\"},\"image\":{\"@id\":\"https:\/\/ee.cegepgarneau.ca\/#\/schema\/logo\/image\/\"}}]}<\/script>\n<!-- \/ Yoast SEO plugin. -->","yoast_head_json":{"title":"Module \u00c9tudiants - Entreprises-\u00e9coles du C\u00e9gep Garneau","robots":{"index":"index","follow":"follow","max-snippet":"max-snippet:-1","max-image-preview":"max-image-preview:large","max-video-preview":"max-video-preview:-1"},"canonical":"https:\/\/ee.cegepgarneau.ca\/?page_id=729","og_locale":"fr_FR","og_type":"article","og_title":"Module \u00c9tudiants - Entreprises-\u00e9coles du C\u00e9gep Garneau","og_description":"Il n\u2019y a pas d\u2019extrait, car cette publication est prot\u00e9g\u00e9e.","og_url":"https:\/\/ee.cegepgarneau.ca\/?page_id=729","og_site_name":"Entreprises-\u00e9coles du C\u00e9gep Garneau","article_modified_time":"2023-07-18T12:42:04+00:00","twitter_card":"summary_large_image","twitter_misc":{"Dur\u00e9e de lecture estim\u00e9e":"1 minute"},"schema":{"@context":"https:\/\/schema.org","@graph":[{"@type":"WebPage","@id":"https:\/\/ee.cegepgarneau.ca\/?page_id=729","url":"https:\/\/ee.cegepgarneau.ca\/?page_id=729","name":"Module \u00c9tudiants - Entreprises-\u00e9coles du C\u00e9gep Garneau","isPartOf":{"@id":"https:\/\/ee.cegepgarneau.ca\/#website"},"datePublished":"2021-08-17T13:03:51+00:00","dateModified":"2023-07-18T12:42:04+00:00","breadcrumb":{"@id":"https:\/\/ee.cegepgarneau.ca\/?page_id=729#breadcrumb"},"inLanguage":"fr-FR"},{"@type":"WebSite","@id":"https:\/\/ee.cegepgarneau.ca\/#website","url":"https:\/\/ee.cegepgarneau.ca\/","name":"Entreprises-\u00e9coles du C\u00e9gep Garneau","description":"Plateforme web des entreprises-\u00e9coles du C\u00e9gep Garneau","publisher":{"@id":"https:\/\/ee.cegepgarneau.ca\/#organization"},"potentialAction":[{"@type":"SearchAction","target":{"@type":"EntryPoint","urlTemplate":"https:\/\/ee.cegepgarneau.ca\/?s={search_term_string}"},"query-input":{"@type":"PropertyValueSpecification","valueRequired":true,"valueName":"search_term_string"}}],"inLanguage":"fr-FR"},{"@type":"Organization","@id":"https:\/\/ee.cegepgarneau.ca\/#organization","name":"Entreprises-\u00e9coles du C\u00e9gep Garneau","url":"https:\/\/ee.cegepgarneau.ca\/","logo":{"@type":"ImageObject","inLanguage":"fr-FR","@id":"https:\/\/ee.cegepgarneau.ca\/#\/schema\/logo\/image\/","url":"https:\/\/ee.cegepgarneau.ca\/wp-content\/uploads\/2021\/04\/entreprises_ecoles.png","contentUrl":"https:\/\/ee.cegepgarneau.ca\/wp-content\/uploads\/2021\/04\/entreprises_ecoles.png","width":2464,"height":714,"caption":"Entreprises-\u00e9coles du C\u00e9gep Garneau"},"image":{"@id":"https:\/\/ee.cegepgarneau.ca\/#\/schema\/logo\/image\/"}}]}},"_links":{"self":[{"href":"https:\/\/ee.cegepgarneau.ca\/index.php?rest_route=\/wp\/v2\/pages\/729","targetHints":{"allow":["GET"]}}],"collection":[{"href":"https:\/\/ee.cegepgarneau.ca\/index.php?rest_route=\/wp\/v2\/pages"}],"about":[{"href":"https:\/\/ee.cegepgarneau.ca\/index.php?rest_route=\/wp\/v2\/types\/page"}],"author":[{"embeddable":true,"href":"https:\/\/ee.cegepgarneau.ca\/index.php?rest_route=\/wp\/v2\/users\/1"}],"replies":[{"embeddable":true,"href":"https:\/\/ee.cegepgarneau.ca\/index.php?rest_route=%2Fwp%2Fv2%2Fcomments&post=729"}],"version-history":[{"count":6,"href":"https:\/\/ee.cegepgarneau.ca\/index.php?rest_route=\/wp\/v2\/pages\/729\/revisions"}],"predecessor-version":[{"id":1527,"href":"https:\/\/ee.cegepgarneau.ca\/index.php?rest_route=\/wp\/v2\/pages\/729\/revisions\/1527"}],"wp:attachment":[{"href":"https:\/\/ee.cegepgarneau.ca\/index.php?rest_route=%2Fwp%2Fv2%2Fmedia&parent=729"}],"curies":[{"name":"wp","href":"https:\/\/api.w.org\/{rel}","templated":true}]}}